{"id":101,"date":"2025-09-12T19:29:59","date_gmt":"2025-09-12T19:29:59","guid":{"rendered":"https:\/\/ksv-ajax.berlin\/?page_id=101"},"modified":"2025-09-12T19:37:33","modified_gmt":"2025-09-12T19:37:33","slug":"aqua-fitness","status":"publish","type":"page","link":"https:\/\/ksv-ajax.berlin\/?page_id=101","title":{"rendered":"Aqua-Fitness"},"content":{"rendered":"\t\t<div data-elementor-type=\"wp-page\" data-elementor-id=\"101\" class=\"elementor elementor-101\">\n\t\t\t\t<div class=\"elementor-element elementor-element-916f6de e-con-full e-flex e-con e-parent\" data-id=\"916f6de\" data-element_type=\"container\">\n\t\t\t\t<\/div>\n\t\t<div class=\"elementor-element elementor-element-b80ef36 e-flex e-con-boxed e-con e-parent\" data-id=\"b80ef36\" data-element_type=\"container\">\n\t\t\t\t\t<div class=\"e-con-inner\">\n\t\t\t\t<div class=\"elementor-element elementor-element-90060b1 elementor-widget elementor-widget-text-editor\" data-id=\"90060b1\" data-element_type=\"widget\" data-widget_type=\"text-editor.default\">\n\t\t\t\t\t\t\t\t\t<h2 style=\"text-align: center;\"><img decoding=\"async\" style=\"margin: 0px; padding: 0px; color: #000000; font-family: Newborough; font-size: medium; font-weight: 400;\" src=\"https:\/\/ksv-ajax.berlin\/images\/aqua.png\" \/><br style=\"margin: 0px; padding: 0px; color: #000000; font-family: Newborough; font-size: medium; font-weight: 400;\" \/><br style=\"margin: 0px; padding: 0px; color: #000000; font-family: Newborough; font-size: medium; font-weight: 400;\" \/><b style=\"margin: 0px; padding: 0px;\"><\/b><span style=\"color: #000000;\">Trainingszeiten: Mittwoch 19.00 bis 21:00 Uhr im FEZ<\/span><\/h2><h2 style=\"margin: 0px; padding: 0px; text-align: center;\"><span style=\"color: #000000;\">Teilnahme nur m\u00f6glich nach R\u00fccksprache <\/span><\/h2><h2 style=\"margin: 0px; padding: 0px; text-align: center;\"><span style=\"color: #000000;\">\u00fcber E-Mail:<\/span> <span style=\"color: #0000ff;\"><a style=\"color: #0000ff;\" href=\"https:\/\/mail.hatro70.de:8443\/smb\/email-address\/edit\/id\/13\" data-discover=\"true\">praesidium@ksv-ajax.berlin<\/a><\/span><\/h2><h3 style=\"margin: 0px; padding: 0px; text-align: center;\"><span style=\"color: #000000;\">Weiterleitung der Anfrage per Mail erfolgt an die Verantwortlichen der Abteilung<\/span><\/h3><p>\u00a0<\/p><h3 style=\"margin: 0px; padding: 0px; text-align: center;\"><span style=\"color: #000000;\"><span style=\"color: #ff0000;\">Achtung :<\/span> Keine Abrechnung von Rehascheinen \u00fcber die Krankenkassen m\u00f6glich<\/span><\/h3><p>\u00a0<\/p>\t\t\t\t\t\t\t\t<\/div>\n\t\t\t\t\t<\/div>\n\t\t\t\t<\/div>\n\t\t\t\t<\/div>\n\t\t","protected":false},"excerpt":{"rendered":"<p>Trainingszeiten: Mittwoch 19.00 bis 21:00 Uhr im FEZ Teilnahme nur m\u00f6glich nach R\u00fccksprache \u00fcber E-Mail: praesidium@ksv-ajax.berlin Weiterleitung der<\/p>\n","protected":false},"author":1,"featured_media":0,"parent":0,"menu_order":0,"comment_status":"closed","ping_status":"closed","template":"elementor_header_footer","meta":{"_eb_attr":"","footnotes":""},"class_list":["post-101","page","type-page","status-publish","hentry"],"_links":{"self":[{"href":"https:\/\/ksv-ajax.berlin\/index.php?rest_route=\/wp\/v2\/pages\/101","targetHints":{"allow":["GET"]}}],"collection":[{"href":"https:\/\/ksv-ajax.berlin\/index.php?rest_route=\/wp\/v2\/pages"}],"about":[{"href":"https:\/\/ksv-ajax.berlin\/index.php?rest_route=\/wp\/v2\/types\/page"}],"author":[{"embeddable":true,"href":"https:\/\/ksv-ajax.berlin\/index.php?rest_route=\/wp\/v2\/users\/1"}],"replies":[{"embeddable":true,"href":"https:\/\/ksv-ajax.berlin\/index.php?rest_route=%2Fwp%2Fv2%2Fcomments&post=101"}],"version-history":[{"count":3,"href":"https:\/\/ksv-ajax.berlin\/index.php?rest_route=\/wp\/v2\/pages\/101\/revisions"}],"predecessor-version":[{"id":105,"href":"https:\/\/ksv-ajax.berlin\/index.php?rest_route=\/wp\/v2\/pages\/101\/revisions\/105"}],"wp:attachment":[{"href":"https:\/\/ksv-ajax.berlin\/index.php?rest_route=%2Fwp%2Fv2%2Fmedia&parent=101"}],"curies":[{"name":"wp","href":"https:\/\/api.w.org\/{rel}","templated":true}]}}