{"id":145,"date":"2025-09-12T20:36:14","date_gmt":"2025-09-12T20:36:14","guid":{"rendered":"https:\/\/ksv-ajax.berlin\/?page_id=145"},"modified":"2025-09-28T12:13:53","modified_gmt":"2025-09-28T12:13:53","slug":"afrika","status":"publish","type":"page","link":"https:\/\/ksv-ajax.berlin\/?page_id=145","title":{"rendered":"Afrika"},"content":{"rendered":"\t\t<div data-elementor-type=\"wp-page\" data-elementor-id=\"145\" class=\"elementor elementor-145\">\n\t\t\t\t<div class=\"elementor-element elementor-element-cd298d6 e-grid e-con-full e-con e-parent\" data-id=\"cd298d6\" data-element_type=\"container\">\n\t\t\t\t<div class=\"elementor-element elementor-element-8550dc8 elementor-widget elementor-widget-image\" data-id=\"8550dc8\" data-element_type=\"widget\" data-widget_type=\"image.default\">\n\t\t\t\t\t\t\t\t\t\t\t\t\t\t\t<img loading=\"lazy\" width=\"640\" height=\"400\" src=\"https:\/\/ksv-ajax.berlin\/wp-content\/uploads\/2025\/09\/flag-tansania-1024x640.webp\" class=\"attachment-large size-large wp-image-348\" alt=\"flag-tansania\" srcset=\"https:\/\/ksv-ajax.berlin\/wp-content\/uploads\/2025\/09\/flag-tansania-1024x640.webp 1024w, https:\/\/ksv-ajax.berlin\/wp-content\/uploads\/2025\/09\/flag-tansania-300x188.webp 300w, https:\/\/ksv-ajax.berlin\/wp-content\/uploads\/2025\/09\/flag-tansania-768x480.webp 768w, https:\/\/ksv-ajax.berlin\/wp-content\/uploads\/2025\/09\/flag-tansania-1536x960.webp 1536w, https:\/\/ksv-ajax.berlin\/wp-content\/uploads\/2025\/09\/flag-tansania.webp 1920w\" sizes=\"auto, (max-width: 640px) 100vw, 640px\" loading=\"lazy\" decoding=\"async\" \/>\t\t\t\t\t\t\t\t\t\t\t\t\t\t\t<\/div>\n\t\t\t\t<div class=\"elementor-element elementor-element-c78d97d elementor-widget elementor-widget-text-editor\" data-id=\"c78d97d\" data-element_type=\"widget\" data-widget_type=\"text-editor.default\">\n\t\t\t\t\t\t\t\t\t<h1>\u00a0<\/h1><h1 style=\"text-align: center;\"><span style=\"color: #000000;\">AJAX GOES TO AFRICA<\/span><\/h1>\t\t\t\t\t\t\t\t<\/div>\n\t\t\t\t<div class=\"elementor-element elementor-element-019aef3 elementor-widget elementor-widget-image\" data-id=\"019aef3\" data-element_type=\"widget\" data-widget_type=\"image.default\">\n\t\t\t\t\t\t\t\t\t\t\t\t\t\t\t<img loading=\"lazy\" width=\"640\" height=\"400\" src=\"https:\/\/ksv-ajax.berlin\/wp-content\/uploads\/2025\/09\/flag-adagaskar-removebg-preview-1-768x480.png\" class=\"attachment-medium_large size-medium_large wp-image-350\" alt=\"flag-adagaskar-removebg-preview (1)\" srcset=\"https:\/\/ksv-ajax.berlin\/wp-content\/uploads\/2025\/09\/flag-adagaskar-removebg-preview-1-768x480.png 768w, https:\/\/ksv-ajax.berlin\/wp-content\/uploads\/2025\/09\/flag-adagaskar-removebg-preview-1-300x188.png 300w, https:\/\/ksv-ajax.berlin\/wp-content\/uploads\/2025\/09\/flag-adagaskar-removebg-preview-1-1024x640.png 1024w, https:\/\/ksv-ajax.berlin\/wp-content\/uploads\/2025\/09\/flag-adagaskar-removebg-preview-1-1536x960.png 1536w, https:\/\/ksv-ajax.berlin\/wp-content\/uploads\/2025\/09\/flag-adagaskar-removebg-preview-1.png 1920w\" sizes=\"auto, (max-width: 640px) 100vw, 640px\" loading=\"lazy\" decoding=\"async\" \/>\t\t\t\t\t\t\t\t\t\t\t\t\t\t\t<\/div>\n\t\t\t\t<div class=\"elementor-element elementor-element-ad5136a elementor-widget elementor-widget-image\" data-id=\"ad5136a\" data-element_type=\"widget\" data-widget_type=\"image.default\">\n\t\t\t\t\t\t\t\t\t\t\t\t\t\t\t<img loading=\"lazy\" width=\"825\" height=\"567\" src=\"https:\/\/ksv-ajax.berlin\/wp-content\/uploads\/2025\/09\/WhatsApp-Bild-2025-09-27-um-17.11.18_8a8b2ed9-825x567.jpg\" class=\"attachment-morenews-large size-morenews-large wp-image-646\" alt=\"WhatsApp Bild 2025-09-27 um 17.11.18_8a8b2ed9\" loading=\"lazy\" decoding=\"async\" \/>\t\t\t\t\t\t\t\t\t\t\t\t\t\t\t<\/div>\n\t\t\t\t<div class=\"elementor-element elementor-element-9911cb2 elementor-widget elementor-widget-text-editor\" data-id=\"9911cb2\" data-element_type=\"widget\" data-widget_type=\"text-editor.default\">\n\t\t\t\t\t\t\t\t\t<p>\u00a0 \u00a0<\/p>\t\t\t\t\t\t\t\t<\/div>\n\t\t\t\t<div class=\"elementor-element elementor-element-7df1b31 elementor-widget elementor-widget-image\" data-id=\"7df1b31\" data-element_type=\"widget\" data-widget_type=\"image.default\">\n\t\t\t\t\t\t\t\t\t\t\t\t\t\t\t<img loading=\"lazy\" width=\"825\" height=\"575\" src=\"https:\/\/ksv-ajax.berlin\/wp-content\/uploads\/2025\/09\/WhatsApp-Bild-2025-09-27-um-17.10.48_528276cb-825x575.webp\" class=\"attachment-morenews-large size-morenews-large wp-image-641\" alt=\"WhatsApp Bild 2025-09-27 um 17.10.48_528276cb\" srcset=\"https:\/\/ksv-ajax.berlin\/wp-content\/uploads\/2025\/09\/WhatsApp-Bild-2025-09-27-um-17.10.48_528276cb-825x575.webp 825w, https:\/\/ksv-ajax.berlin\/wp-content\/uploads\/2025\/09\/WhatsApp-Bild-2025-09-27-um-17.10.48_528276cb-590x410.webp 590w\" sizes=\"auto, (max-width: 825px) 100vw, 825px\" loading=\"lazy\" decoding=\"async\" \/>\t\t\t\t\t\t\t\t\t\t\t\t\t\t\t<\/div>\n\t\t\t\t<\/div>\n\t\t<div class=\"elementor-element elementor-element-b80ef36 e-flex e-con-boxed e-con e-parent\" data-id=\"b80ef36\" data-element_type=\"container\">\n\t\t\t\t\t<div class=\"e-con-inner\">\n\t\t\t\t<div class=\"elementor-element elementor-element-90060b1 elementor-widget elementor-widget-text-editor\" data-id=\"90060b1\" data-element_type=\"widget\" data-widget_type=\"text-editor.default\">\n\t\t\t\t\t\t\t\t\t<p>\u00a0<\/p><h2 style=\"text-align: center;\"><span style=\"color: #ff0000;\">\u2026Sie haben nichts, gar nichts,<\/span> <span style=\"color: #000000;\">die Menschen in den (Vor)st\u00e4dten Afrikas ihr Leben <br \/>\u2013 viel \u2013 Kinder, Jugendliche, Erwachsene &#8211; kaum Zukunft, kein Hier und Jetzt.<\/span><\/h2><h2 style=\"text-align: center;\"><span style=\"color: #000000;\">AJAX GOES TO AFRICA<\/span><span style=\"color: inherit;\">\u00a0<\/span><\/h2><h3 style=\"text-align: center;\"><span style=\"color: #000000;\">Tansania und Madagaskar.<\/span><br \/><span style=\"color: #000000;\">Helfend f\u00fcr ein paar sonnige Stunden die fast im \u00dcberma\u00df scheint.<\/span><br \/><span style=\"color: #000000;\">Mannschaftssport, Zusammengeh\u00f6rigkeit, ein kleiner, s\u00fc\u00dfer Tropfen auf den bitteren hei\u00dfen Alltag.<\/span><\/h3><h2 style=\"text-align: center;\"><span style=\"color: #006644;\">Handball<\/span><\/h2><h3 style=\"text-align: center;\"><span style=\"color: #000000;\">\u00dcbungsleiterausbildung, Trainingsstunden, Zeit zum Reden, sportlicher Erfahrungsaustausch.<\/span><\/h3><h2 style=\"text-align: center;\"><span style=\"color: #006644;\">Fu\u00dfball<\/span><\/h2><h3 style=\"text-align: center;\"><span style=\"color: #000000;\">bilaterale Kontakte, freundschaftliche Begegnungen, Austausch von Ideen und M\u00f6glichkeiten, <br \/>Hilfe in allem und jenem. <\/span><span style=\"color: #000000;\">Zwei Projekte unseres Vereines, erste Freundschaften sind entstanden, <br \/>eine Reise in die Zukunft, Neues in unserer kleinen Ajax Welt.<br \/><\/span><br \/><span style=\"color: #000000;\">Unser Verein hat vieles erlebt, vieles erreicht, Erfolge und Misserfolge, <br \/>ob bei Weltmeisterschaften, ob in sportlichen Vergleichen in Europa,<\/span><br \/><span style=\"color: #000000;\">ob bei nationalen Meisterschaften\u2026 nun wollen wir, unser Erlebtes in vielf\u00e4ltigster Form\u00a0<span class=\"double_underline\">zur\u00fcckgeben<\/span>,<\/span><br \/><span style=\"color: #000000;\">an Menschen, &#8211; <span style=\"color: #ff0000;\">\u2026Sie haben nichts, sie haben gar nichts\u2026<\/span><\/span><\/h3><h3 style=\"text-align: center;\"><span style=\"color: #000000;\">Helfende Ideen uvm. sind gerne willkommen, &#8211; bitte unter : praesidium@ksv-ajax.berlin<\/span><\/h3><h2 style=\"text-align: center;\"><span style=\"color: #ff0000;\">WIR \u2013 DER KSV AJAX \u2013 WOLLEN UND WERDEN HELFEN !!!<\/span><\/h2>\t\t\t\t\t\t\t\t<\/div>\n\t\t\t\t\t<\/div>\n\t\t\t\t<\/div>\n\t\t\t\t<\/div>\n\t\t","protected":false},"excerpt":{"rendered":"<p>\u00a0 AJAX GOES TO AFRICA \u00a0 \u00a0 \u00a0 \u2026Sie haben nichts, gar nichts, die Menschen in den (Vor)st\u00e4dten<\/p>\n","protected":false},"author":1,"featured_media":0,"parent":0,"menu_order":0,"comment_status":"closed","ping_status":"closed","template":"elementor_header_footer","meta":{"_eb_attr":"","footnotes":""},"class_list":["post-145","page","type-page","status-publish","hentry"],"_links":{"self":[{"href":"https:\/\/ksv-ajax.berlin\/index.php?rest_route=\/wp\/v2\/pages\/145","targetHints":{"allow":["GET"]}}],"collection":[{"href":"https:\/\/ksv-ajax.berlin\/index.php?rest_route=\/wp\/v2\/pages"}],"about":[{"href":"https:\/\/ksv-ajax.berlin\/index.php?rest_route=\/wp\/v2\/types\/page"}],"author":[{"embeddable":true,"href":"https:\/\/ksv-ajax.berlin\/index.php?rest_route=\/wp\/v2\/users\/1"}],"replies":[{"embeddable":true,"href":"https:\/\/ksv-ajax.berlin\/index.php?rest_route=%2Fwp%2Fv2%2Fcomments&post=145"}],"version-history":[{"count":30,"href":"https:\/\/ksv-ajax.berlin\/index.php?rest_route=\/wp\/v2\/pages\/145\/revisions"}],"predecessor-version":[{"id":659,"href":"https:\/\/ksv-ajax.berlin\/index.php?rest_route=\/wp\/v2\/pages\/145\/revisions\/659"}],"wp:attachment":[{"href":"https:\/\/ksv-ajax.berlin\/index.php?rest_route=%2Fwp%2Fv2%2Fmedia&parent=145"}],"curies":[{"name":"wp","href":"https:\/\/api.w.org\/{rel}","templated":true}]}}