{"id":181,"date":"2025-09-13T15:48:50","date_gmt":"2025-09-13T15:48:50","guid":{"rendered":"https:\/\/ksv-ajax.berlin\/?page_id=181"},"modified":"2025-12-02T14:44:33","modified_gmt":"2025-12-02T14:44:33","slug":"impressum","status":"publish","type":"page","link":"https:\/\/ksv-ajax.berlin\/?page_id=181","title":{"rendered":"Impressum"},"content":{"rendered":"\t\t<div data-elementor-type=\"wp-page\" data-elementor-id=\"181\" class=\"elementor elementor-181\">\n\t\t\t\t<div class=\"elementor-element elementor-element-38805fd e-flex e-con-boxed e-con e-parent\" data-id=\"38805fd\" data-element_type=\"container\">\n\t\t\t\t\t<div class=\"e-con-inner\">\n\t\t\t\t<div class=\"elementor-element elementor-element-ca7f100 elementor-widget elementor-widget-text-editor\" data-id=\"ca7f100\" data-element_type=\"widget\" data-widget_type=\"text-editor.default\">\n\t\t\t\t\t\t\t\t\t<h1 style=\"text-align: center;\"><span style=\"color: #000000;\">Impressum<\/span><\/h1><p style=\"text-align: center;\"><span style=\"color: #000000;\">K\u00f6penicker Sportverein Ajax-Neptun Berlin 1879 e.V.<\/span><br \/><span style=\"color: #000000;\">Wendenschlo\u00dfstr. 50<\/span><br \/><span style=\"color: #000000;\">12559 Berlin K\u00f6penick<\/span><\/p><p style=\"text-align: center;\"><span style=\"color: #000000;\">Vereinsregister: VR 16839 B<\/span><br \/><span style=\"color: #000000;\">Registergericht: AG Berlin (Charlottenburg)<\/span><\/p><p style=\"text-align: left;\"><span style=\"color: #000000;\"><strong>\u00a0 \u00a0 \u00a0 \u00a0 \u00a0 \u00a0 \u00a0 \u00a0 \u00a0 \u00a0 \u00a0 \u00a0 \u00a0 \u00a0 \u00a0 \u00a0 \u00a0 \u00a0 \u00a0 \u00a0 \u00a0 \u00a0 \u00a0 \u00a0 \u00a0 \u00a0 \u00a0 \u00a0 \u00a0 \u00a0 \u00a0 \u00a0 \u00a0 \u00a0 \u00a0 \u00a0 \u00a0 \u00a0 \u00a0 \u00a0 \u00a0 \u00a0 \u00a0 \u00a0 \u00a0 \u00a0 \u00a0 Vertreten durch:<\/strong><\/span><br \/><span style=\"color: #000000;\">\u00a0 \u00a0 \u00a0 \u00a0 \u00a0 \u00a0 \u00a0 \u00a0 \u00a0 \u00a0 \u00a0 \u00a0 \u00a0 \u00a0 \u00a0 \u00a0 \u00a0 \u00a0 \u00a0 \u00a0 \u00a0 \u00a0 \u00a0 \u00a0 \u00a0 \u00a0 \u00a0 \u00a0 \u00a0 \u00a0 \u00a0 \u00a0 \u00a0 \u00a0 \u00a0 \u00a0 \u00a0 \u00a0 \u00a0 \u00a0 \u00a0 \u00a0 \u00a0 \u00a0 \u00a0 \u00a0 \u00a0 \u00a0 \u00a0Pr\u00e4sident: \u2003\u2002\u00a0 \u00a0 \u00a0 Joachim Baade<\/span><br \/><span style=\"color: #000000;\">\u00a0 \u00a0 \u00a0 \u00a0 \u00a0 \u00a0 \u00a0 \u00a0 \u00a0 \u00a0 \u00a0 \u00a0 \u00a0 \u00a0 \u00a0 \u00a0 \u00a0 \u00a0 \u00a0 \u00a0 \u00a0 \u00a0 \u00a0 \u00a0 \u00a0 \u00a0 \u00a0 \u00a0 \u00a0 \u00a0 \u00a0 \u00a0 \u00a0 \u00a0 \u00a0 \u00a0 \u00a0 \u00a0 \u00a0 \u00a0 \u00a0 \u00a0 \u00a0 \u00a0 \u00a0 \u00a0 \u00a0 \u00a0 \u00a0Vizepr\u00e4sident:\u00a0 \u00a0 \u00a0 Wolf Meyer-Hagen<\/span><br \/><span style=\"color: #000000;\">\u00a0 \u00a0 \u00a0 \u00a0 \u00a0 \u00a0 \u00a0 \u00a0 \u00a0 \u00a0 \u00a0 \u00a0 \u00a0 \u00a0 \u00a0 \u00a0 \u00a0 \u00a0 \u00a0 \u00a0 \u00a0 \u00a0 \u00a0 \u00a0 \u00a0 \u00a0 \u00a0 \u00a0 \u00a0 \u00a0 \u00a0 \u00a0 \u00a0 \u00a0 \u00a0 \u00a0 \u00a0 \u00a0 \u00a0 \u00a0 \u00a0 \u00a0 \u00a0 \u00a0 \u00a0 \u00a0 \u00a0 \u00a0 \u00a0Schatzmeister:\u00a0 \u00a0 \u00a0Ron Affeldt<\/span><\/p><h2 style=\"text-align: center;\"><span style=\"color: #000000;\">Kontakt<\/span><\/h2><p style=\"text-align: center;\"><span style=\"color: #000000;\">Telefon: 030 6572875<\/span><br \/><span style=\"color: #000000;\">E-Mail: info@ksv-ajax.berlin<\/span><\/p><h2 style=\"text-align: center;\"><span style=\"color: #000000;\">Verbraucher\u00adstreit\u00adbeilegung\/Universal\u00adschlichtungs\u00adstelle<\/span><\/h2><p style=\"text-align: center;\"><span style=\"color: #000000;\">Wir sind nicht bereit oder verpflichtet, an Streitbeilegungsverfahren vor einer Verbraucherschlichtungsstelle teilzunehmen.<\/span><\/p>\t\t\t\t\t\t\t\t<\/div>\n\t\t\t\t\t<\/div>\n\t\t\t\t<\/div>\n\t\t\t\t<\/div>\n\t\t","protected":false},"excerpt":{"rendered":"<p>Impressum K\u00f6penicker Sportverein Ajax-Neptun Berlin 1879 e.V.Wendenschlo\u00dfstr. 5012559 Berlin K\u00f6penick Vereinsregister: VR 16839 BRegistergericht: AG Berlin (Charlottenburg) \u00a0<\/p>\n","protected":false},"author":1,"featured_media":0,"parent":0,"menu_order":0,"comment_status":"closed","ping_status":"closed","template":"elementor_header_footer","meta":{"_eb_attr":"","footnotes":""},"class_list":["post-181","page","type-page","status-publish","hentry"],"_links":{"self":[{"href":"https:\/\/ksv-ajax.berlin\/index.php?rest_route=\/wp\/v2\/pages\/181","targetHints":{"allow":["GET"]}}],"collection":[{"href":"https:\/\/ksv-ajax.berlin\/index.php?rest_route=\/wp\/v2\/pages"}],"about":[{"href":"https:\/\/ksv-ajax.berlin\/index.php?rest_route=\/wp\/v2\/types\/page"}],"author":[{"embeddable":true,"href":"https:\/\/ksv-ajax.berlin\/index.php?rest_route=\/wp\/v2\/users\/1"}],"replies":[{"embeddable":true,"href":"https:\/\/ksv-ajax.berlin\/index.php?rest_route=%2Fwp%2Fv2%2Fcomments&post=181"}],"version-history":[{"count":13,"href":"https:\/\/ksv-ajax.berlin\/index.php?rest_route=\/wp\/v2\/pages\/181\/revisions"}],"predecessor-version":[{"id":701,"href":"https:\/\/ksv-ajax.berlin\/index.php?rest_route=\/wp\/v2\/pages\/181\/revisions\/701"}],"wp:attachment":[{"href":"https:\/\/ksv-ajax.berlin\/index.php?rest_route=%2Fwp%2Fv2%2Fmedia&parent=181"}],"curies":[{"name":"wp","href":"https:\/\/api.w.org\/{rel}","templated":true}]}}