{"id":2,"date":"2016-05-10T03:48:21","date_gmt":"2016-05-10T03:48:21","guid":{"rendered":"https:\/\/ksv-ajax.berlin\/?page_id=2"},"modified":"2026-04-14T07:57:50","modified_gmt":"2026-04-14T07:57:50","slug":"sample-page","status":"publish","type":"page","link":"https:\/\/ksv-ajax.berlin\/","title":{"rendered":"Home"},"content":{"rendered":"\t\t<div data-elementor-type=\"wp-page\" data-elementor-id=\"2\" class=\"elementor elementor-2\">\n\t\t\t\t<div class=\"elementor-element elementor-element-3ed0d741 e-flex e-con-boxed e-con e-parent\" data-id=\"3ed0d741\" data-element_type=\"container\">\n\t\t\t\t\t<div class=\"e-con-inner\">\n\t\t\t\t<div class=\"elementor-element elementor-element-18fa480 elementor-widget elementor-widget-text-editor\" data-id=\"18fa480\" data-element_type=\"widget\" data-widget_type=\"text-editor.default\">\n\t\t\t\t\t\t\t\t\t<center><strong><span style=\"color: #000000;\">Man muss das Unm\u00f6glichste anstreben um das M\u00f6gliche zu erreichen. ( Zitat von Hermann Hesse )<\/span><\/strong><\/center><center><strong><span style=\"color: #008000;font-size: 20px;\">\nDer Verein<\/span><\/strong><\/center><span style=\"color: #000000;\">KSV AJAX NEPTUN 1879 e. V. ist einer der gr\u00f6\u00dften- auf jeden Fall der \u00e4lteste und in seiner Jugendarbeit sehr engagierte Sportverein aus Berlin \u2013 K\u00f6penick.\nJa, wo in dieser kleinen Schrift beginnen. Ich bin Joachim Baade der amtierende Vereinspr\u00e4sident des Vereines, wohnhaft auch in unserem,\ndiesem wundersch\u00f6nen Stadtbezirk. Unser Verein hat ca. 1200 Mitglieder, davon trainieren ca. 600 Jugendliche in unterschiedlichen Sportarten.\nGut ausgebildete \u00dcbungsleiter, (alle mit erweitertem polizeilichem F\u00fchrungszeugnis), Trainer, Lehrer k\u00fcmmern sich hier um unsere Sportler.\nSie sind bei Wind und Wetter an jedem Tag der Woche, f\u00fcr sie, f\u00fcr euch da.<\/span>\n\n<center><strong><span style=\"color: #008000;font-size: 20px;\">Die Tradition, Der Name, 1.<\/span><\/strong><\/center><center><img decoding=\"async\" src=\"https:\/\/ksv-ajax.berlin\/images\/Bild1.png\" \/>\u00a0\u00a0\u00a0\u00a0\u00a0\u00a0<img decoding=\"async\" src=\"https:\/\/ksv-ajax.berlin\/images\/Bild2.png\" \/>\u00a0\u00a0\u00a0\u00a0\u00a0\u00a0<img decoding=\"async\" src=\"https:\/\/ksv-ajax.berlin\/images\/Bild3.png\" \/>\u00a0\u00a0\u00a0\u00a0\u00a0\u00a0<img decoding=\"async\" src=\"https:\/\/ksv-ajax.berlin\/images\/Bild4.png\" \/>\u00a0\u00a0\u00a0\u00a0\u00a0\u00a0<img decoding=\"async\" src=\"https:\/\/ksv-ajax.berlin\/images\/Bild5.png\" \/><\/center><span style=\"color: #000000;\">Der jetzige KSV AJAX NEPTUN 1879 e. V. wurde am 13.06.1879 aus der Taufe geboren, namentlich unter MTV C\u00d6PENICK 1879 e. V. erw\u00e4hnt und anerkannt. In der folgenden Zeit kam es dann zu Umbenennungen und Zusammenschl\u00fcssen mit anderen Vereinen.<\/span>\n<span style=\"color: #000000;\">Der Name Neptun kam 1889 hinzu, abgeleitet aus der r\u00f6mischen Mythologie des 5. Jahrhundert v. Chr. \u2013 Neptunus = Neptun der Gott der flie\u00dfenden Gew\u00e4sser.<\/span>\n<span style=\"color: #000000;\">Er wurde dem griechischen Gott Poseidon gleichgesetzt, dem Gott des Meeres und der Erdbeben. Er war der zweitm\u00e4chtigste Gott des Olymps.<\/span>\n<span style=\"color: #000000;\">Der Name AJAX kam Ende der 40er Jahre dazu. AJAX war ein m\u00e4chtiger griechischer K\u00e4mpfer, ruhmess\u00fcchtig und beutegierig, nur \u00fcbertroffen von Achilles , der Name unserer Laufgruppe.<\/span>\n<span style=\"color: #000000;\">Genau wie unser Verein heute nach Siegen und Punkten im sportlich, fairen Wettkampf strebt. Karl Wittschus gr\u00fcndete 1949 aus der Sportgruppe K\u00f6penick \u2013 S\u00fcd den SV AJAX K\u00d6PENICK e. V..<\/span>\n<span style=\"color: #000000;\">Freundschaftliche und auch sportliche Verbindungen zu dem d\u00e4nischen Sportverein Ajax Kopenhagen f\u00fchrten dann zu unserem, bis heute \u00fcberlieferten Namen.<\/span>\n<span style=\"color: #000000;\">Wassersport (Kanu, Aqua Fitness, auch beim Triathlon vertreten) stehen auch unter der \u201esch\u00fctzenden Hand\u201c von Neptun. \u201eRuhmess\u00fcchtig, die geballte Kraft, \u201egierig\u201c nach Siegen und Medaillien sind vor allem die Handballer, die Tischtennisspieler, die Triathleten, unsere Teakwondok\u00e4mpfer und die Kegler.<\/span>\n<span style=\"color: #000000;\">\u201eM\u00e4chtig\u201c, zu sp\u00fcren bei \u201eSport und Spiel\u201c, die Volleyballer, Fu\u00dfballer und Basketballer. Nicht zu vergessen, die ganz, ganz Kleinen, welche im fr\u00fchesten Kindesalter beim \u201eEltern \u2013 Kind \u2013 Turnen\u201c an den Sport herangef\u00fchrt werden<\/span>\n<span style=\"color: #000000;\">und unsere Sportler der Gymnastikgruppen, der \u00e4ltesten Sportart, die den Verein 1879 mitbegr\u00fcndete.<\/span>\n<span style=\"color: #000000;\">Umrahmt wird dies ALLES durch unsere Cheerleader. Mnemos\u00fcne insperierte sie zur Viezeweltmeisterschaft &#8211; der gr\u00f6\u00dfte Erfolg unserer Vereinsgeschichte. Hier hat sich dann der Kreis der Mythen geschlossen.<\/span>\n\n<center><img decoding=\"async\" src=\"https:\/\/ksv-ajax.berlin\/images\/lo1.png\" \/>\u00a0\u00a0\u00a0<img decoding=\"async\" src=\"https:\/\/ksv-ajax.berlin\/images\/lo2.png\" \/>\u00a0\u00a0\u00a0<img decoding=\"async\" src=\"https:\/\/ksv-ajax.berlin\/images\/lo3.png\" \/>\u00a0\u00a0\u00a0<img decoding=\"async\" src=\"https:\/\/ksv-ajax.berlin\/images\/lo4.png\" \/>\u00a0\u00a0\u00a0<img decoding=\"async\" src=\"https:\/\/ksv-ajax.berlin\/images\/lo5.png\" \/>\u00a0\u00a0\u00a0<img decoding=\"async\" src=\"https:\/\/ksv-ajax.berlin\/images\/lo6.png\" \/><\/center><center><span style=\"color: #008000;font-size: 20px;\"><strong>\nDer Verein (heute)<\/strong><\/span><\/center><span style=\"color: #000000;\">Wir passen uns also dem Trend \u201eEhrenamt\u201c an, obwohl wir uns recht selten anpassen, andere Wege als andere Vereine bestreiten, andere Sportarten anbieten als immer nur diese \u201eTrendsportarten\u201c. Ein kleines Portr\u00e4t unseres Ehrenpr\u00e4sidenten Wolfgang Fischer steht hier als Sinnbild f\u00fcr ALLE welche unseren Verein am Leben halten. Seit gef\u00fchlten \u2026 Jahren ist er aktiv im Verein t\u00e4tig, erst als Handballer dann als \u201eMacher\u201c. Ja, t\u00e4glich \u2013 rund um die Uhr \u2013 steht er den Mitgliedern mit Rat und Tat zu Seite, ist f\u00fcr alle Fragen offen und findet meist die richtige Antwort. Ob in sportlichen Bereichen \u2013 sehr gute Zusammenarbeit mit dem Sportamt \u2013 oder auch im Vereinsleben \u2013 eine j\u00e4hrliche Fr\u00fchlingsfahrt an die Ostsee f\u00fcr den Gesamtverein &#8211; , immer vorne weg \u2026 , schiebt er auch aktiv noch mehr als eine ruhige Kugel bei den Keglern. Alle Achtung und mehr als nur Dank aller Mitglieder \u2013 nein, vieler K\u00f6penicker. Und was \u201erund\u201c um ihn aufgebaut worden ist, welche Sportler in seine Fu\u00dfstapfen getreten sind, was es Neues in unserem Verein gibt, \u2026 nehmen Sie sich etwas Zeit.<\/span>\n\n<center><strong><span style=\"color: #008000;font-size: 20px;\">Fu\u00dfball (Senioren)<\/span><\/strong><\/center><span style=\"color: #000000;\">Eine enge sportliche Freundschaft besteht seit Jahren zu Mannschaften aus Madrid, Prag und New Castle. Einmal im Jahr, in einer dieser St\u00e4dte, Stadtbesichtigung, Sportlerball, \u2026 Gespr\u00e4che, pers\u00f6nliche Freundschaften sind entstanden und nat\u00fcrlich darf auch der Ball nicht ruhen. Wir treffen uns jeden Montag, am Abend auf dem &#8222;Eiche &#8211; Sportplatz&#8220;<\/span>\n\n<center><strong><span style=\"color: #008000;font-size: 20px;\">Laufgruppe \u201eAchilles\u201c<\/span><\/strong><\/center><span style=\"color: #000000;\">Diese Sportgruppe wurde Anfang 2014 gegr\u00fcndet und steht voll im Leben. 30 L\u00e4ufer machen den \u201eM\u00fcggelwald\u201c unsicher, egal in welchem Tempo, 2x in der Woche, was gibt es SCH\u00d6NERES als am Samstagfr\u00fch die vielleicht stressige Woche aus den Gliedern zu sch\u00fctteln. Nat\u00fcrlich, es ist in Vorbereitung auch am \u201eBerliner Laufkalender\u201c teilzunehmen.\u00a0<\/span>\n\n<center><span style=\"color: #008000;font-size: 20px;\"><strong>Triathlon<\/strong><\/span><\/center><span style=\"color: #000000;\">Die Steigerung und Laufgruppe. Auch sie sind in den M\u00fcggelbergen unterwegs, nehmen an vielen Wettk\u00e4mpfen bis hin zu internationalen Meisterschaften teil \u2013 nat\u00fcrlich altersgerecht, in den jeweiligen Klassen. Mit Erfolg, fordere Pl\u00e4tze best\u00e4tigen dies. Ein fester Zusammenhalt diese Gruppe ist der Schl\u00fcssel dieser Laufgruppe.<\/span>\n<span style=\"color: #000000;\">Im Winter findet Schwimmtraining im FEZ statt und in der Warmen Jahreszeit sind unsere Triathleten auf den Strassen und Seen unseres Bezirkes zu finden.<\/span>\n\n<center><strong><span style=\"color: #008000;font-size: 20px;\">Kindersport<\/span><\/strong><\/center><span style=\"color: #000000;\">Seit 5 Jahren besteht nun schon die M\u00f6glichkeit die ganz Kleinen an die Sporthalle, den Sport zu gew\u00f6hnen. Der Zulauf ist enorm, wir mussten uns was Neues ausdenken. Also, trainieren wir hier in 4 Gruppen \u2013 von\u2026 &#8211; 4 Jahren, von 4 \u2013 6+ Jahren. Und somit ist unseren Mitgliedern die M\u00f6glichkeit geboten, von ganz, ganz klein bis ins hohe Alter im gleichen Sportverein ihrem Sport nachzugehen. Der Spa\u00df, das Spiel steht im Vordergrund, die Eltern k\u00f6nnen (bei der ersten Gruppe) mitmachen, ihren Kindern zeigen was sie noch so drauf haben. Seit Anfang an dabei: Monique Perl, auch Spielerin unserer ersten Frauen Handballmannschaft, \u201eJunge Ehrenamtliche\u201c Berlins 2013.<\/span>\n\n<center><span style=\"color: #008000;font-size: 20px;\"><strong>Tischtennis<\/strong><\/span><\/center><span style=\"color: #000000;\">Sind die Kleinen dann der Kindersportgruppe entwachsen kann es hier weitergehen. Vordere Ranglistenpl\u00e4tze best\u00e4tigen diesen Weg \u2013 ob Berlin, ob Brandenburg, ob Bundesgebiet. Ajax ist mit dabei. baut die Kinder f\u00fcr den erwachsenen Sport auf. Und wen erstmal das \u201ePing \u2013 Pong \u2013 Fieber\u201c gepackt hat macht bei den \u201eAlten\u201c weiter, eine Gruppe TT 50 plus besteht \u2013 der \u00e4lteste Spieler weit \u00fcber 90.<\/span>\n\n<center><span style=\"color: #008000;font-size: 20px;\"><strong>Handball<\/strong><\/span><\/center><span style=\"color: #000000;\">Wer dann doch lieber den etwas gr\u00f6\u00dferen Ball mag, dann ab zum Handball. In vielen Altersklassen, in allen obigen Ligen Berlins vertreten. Unsere \u201eAjax \u2013 Arena\u201c in der Glienicker Str. bei Punktspielen proppenvoll. Voller Begeisterung, das \u201eAJAX \u2013 Herz\u201c fest in der Hand wird um jeden Ball um jeden Punkt gek\u00e4mpft. Auch hier hat der Spruch \u201eder Weg ist das Ziel\u201c seine Berechtigung, die Tabellenlage best\u00e4tigt dies, wir sind in vielen Altersklassen in Berlin vorn mit dabei.<\/span>\n\n<center><span style=\"color: #008000;font-size: 20px;\"><strong>Aqua Fitness<\/strong><\/span><\/center><span style=\"color: #000000;\">Otto Gora, unsere Verinslegende. Wer in K\u00f6penick zur Schule ging kennt diesen \u201esportverr\u00fcckten\u201c Mann. Schwimmlehrer, Schwimmtrainer &#8211; noch immer dabei, hat AJAX auch zu Wasser zu erfolgen. Leider gibt es kein &#8222;Schwimmen&#8220; im Profilo mehr. &#8211; Gymnastik zu Wasser, Entspannung pur, einmal pro Woche im ehemaligen \u201ePionierpark\u201c.<\/span>\n\n<center><span style=\"color: #008000;font-size: 20px;\"><strong>Kegeln<\/strong><\/span><\/center><span style=\"color: #000000;\">Mal abgesehen vom Training, mal abgesehen von Meisterschaften \u2013 nat\u00fcrlich auch hier altersgerecht \u2013 haben wir uns was f\u00fcr das Untereinander im Gesamtverein ausgedacht \u2013 die \u201cAJAX \u2013 Meisterschaft\u201c. Einmal im Jahr sind alle gefordert, ob Volleyballer, Handballer, wie auch immer\u2026schieben Sie mal 50 Kegel wenn sie es nicht gewohnt sind\u2026, der Ausgang ist immer v\u00f6llig offen, der Spa\u00df, der Zusammenhalt hat gesiegt.<\/span>\n\n<center><strong><span style=\"color: #008000;font-size: 20px;\">Kanu, Volleyball, Basketball, Gymnastik<\/span><\/strong><\/center><span style=\"color: #000000;\">Ob beim Wandern mit dem Kanu \u00fcber unsere im Bezirk liegende wundersch\u00f6ne Seenplatte mit anschlie\u00dfendem Grillen, ob bei der Korbjagd, vor allem der Kleinen, dem Schmettern \u00fcber das Netz, bei der Gymnastik, \u00fcberall trifft man auf jung und alt. Nur so kann es gehen, der Stab muss in Bewegung bleiben, muss weitergereicht werden. Mit dem Herzen dabei, die gro\u00dfe AJAX &#8211; FAMILIE.<\/span>\n<span style=\"color: #000000;\">Bitte melden, bitte anrufen: Tel. 030 \u2013 6529858 oder 030 \u2013 6572875 oder per E-Mail: <a style=\"color: #000000;\" href=\"mailto:Joachim-baade@web.de\">Joachim-baade@web.de<\/a> .<\/span>\n\n<center><span style=\"color: #008000;font-size: 20px;\"><strong>Cheerleader<\/strong><\/span><\/center><span style=\"color: #000000;\">Eine &#8222;Sportver\u00fcckte&#8220; Truppe, egal ob jung oder alt, ob klein oder gro\u00df, ob M\u00e4nnlein oder Weiblein, ein fester bestandteil unseres sportlichen und Gesellschaftlichen Vereinslebens, doch nicht nur Show, knallharter Sport&#8230; Vizeweltmeister 2021.<\/span>\n\n<center><strong><span style=\"color: #008000;font-size: 20px;\">Taekwondo<\/span><\/strong><\/center><span style=\"color: #000000;\">Seit September 2016 maussert sich dieser etwas &#8222;eigenartige&#8220; Kampfsport schon zur grossen Nummer in unserem Verein. Viele Deutsche-Meistertitel sprechen f\u00fcr den eingeschlagenen Weg.<\/span>\n\n<center><img decoding=\"async\" src=\"https:\/\/ksv-ajax.berlin\/images\/Bild6.png\" \/><img decoding=\"async\" src=\"https:\/\/ksv-ajax.berlin\/images\/logo2.png\" \/><\/center><center><span style=\"color: #000000;\">\u00a0<\/span><\/center><center><span style=\"color: #000000;\">Lasst mich zum Schluss Ihnen unser Credo in Gedichtform vorstellen<\/span><\/center>\n<p style=\"text-align: center;\"><span style=\"color: #000000;\">Freundschaft h\u00e4lt uns fest verbunden<\/span>\n<span style=\"color: #000000;\">Wie in Frieden wie in Leid<\/span>\n<span style=\"color: #000000;\">Wie in frohen Feierstunden<\/span>\n<span style=\"color: #000000;\">Wie in stimmbewegter Zeit<\/span><\/p>\n<p style=\"text-align: center;\"><span style=\"color: #000000;\">Sturm und Wogen soll Sie gl\u00e4tten<\/span>\n<span style=\"color: #000000;\">Neid und Hader fallen ab<\/span>\n<span style=\"color: #000000;\">Freundschaft soll uns fest umklammern<\/span>\n<span style=\"color: #000000;\">Freundschaft halten \u00fcber\u00b4s Grab<\/span><\/p>\n<p style=\"text-align: center;\"><span style=\"color: #000000;\">Ewig, ewig bl\u00fche Sie<\/span>\n<span style=\"color: #000000;\">Uns\u00b4re sch\u00f6ne Harmonie<\/span>\n<span style=\"color: #000000;\">AJAX-NEPTUN\u00b4S HARMONIE!<\/span><\/p>\n<span style=\"color: #000000;\">In diesem Sinne ein ganz gro\u00dfes Dankesch\u00f6n an alle unsere Sportler, Trainer, \u00dcbungsleiter und Wegbegleiter f\u00fcr Ihre geleistete Arbeit und Unterst\u00fctzung.<\/span>\t\t\t\t\t\t\t\t<\/div>\n\t\t\t\t\t<\/div>\n\t\t\t\t<\/div>\n\t\t<div class=\"elementor-element elementor-element-f5cf6ec e-con-full e-flex e-con e-parent\" data-id=\"f5cf6ec\" data-element_type=\"container\" data-settings=\"{&quot;background_background&quot;:&quot;classic&quot;}\">\n\t\t\t\t<\/div>\n\t\t<div class=\"elementor-element elementor-element-cd97c6b e-flex e-con-boxed e-con e-parent\" data-id=\"cd97c6b\" data-element_type=\"container\">\n\t\t\t\t\t<div class=\"e-con-inner\">\n\t\t\t\t\t<\/div>\n\t\t\t\t<\/div>\n\t\t\t\t<\/div>\n\t\t","protected":false},"excerpt":{"rendered":"<p>Man muss das Unm\u00f6glichste anstreben um das M\u00f6gliche zu erreichen. ( Zitat von Hermann Hesse ) Der VereinKSV<\/p>\n","protected":false},"author":1,"featured_media":0,"parent":0,"menu_order":0,"comment_status":"closed","ping_status":"closed","template":"elementor_header_footer","meta":{"_eb_attr":"","footnotes":""},"class_list":["post-2","page","type-page","status-publish","hentry"],"_links":{"self":[{"href":"https:\/\/ksv-ajax.berlin\/index.php?rest_route=\/wp\/v2\/pages\/2","targetHints":{"allow":["GET"]}}],"collection":[{"href":"https:\/\/ksv-ajax.berlin\/index.php?rest_route=\/wp\/v2\/pages"}],"about":[{"href":"https:\/\/ksv-ajax.berlin\/index.php?rest_route=\/wp\/v2\/types\/page"}],"author":[{"embeddable":true,"href":"https:\/\/ksv-ajax.berlin\/index.php?rest_route=\/wp\/v2\/users\/1"}],"replies":[{"embeddable":true,"href":"https:\/\/ksv-ajax.berlin\/index.php?rest_route=%2Fwp%2Fv2%2Fcomments&post=2"}],"version-history":[{"count":47,"href":"https:\/\/ksv-ajax.berlin\/index.php?rest_route=\/wp\/v2\/pages\/2\/revisions"}],"predecessor-version":[{"id":731,"href":"https:\/\/ksv-ajax.berlin\/index.php?rest_route=\/wp\/v2\/pages\/2\/revisions\/731"}],"wp:attachment":[{"href":"https:\/\/ksv-ajax.berlin\/index.php?rest_route=%2Fwp%2Fv2%2Fmedia&parent=2"}],"curies":[{"name":"wp","href":"https:\/\/api.w.org\/{rel}","templated":true}]}}